{"id":12701,"date":"2025-07-05T13:09:41","date_gmt":"2025-07-05T13:09:41","guid":{"rendered":"https:\/\/contactformblast.com\/?page_id=12701"},"modified":"2025-07-05T13:09:42","modified_gmt":"2025-07-05T13:09:42","slug":"legal-notice","status":"publish","type":"page","link":"https:\/\/contactformblast.com\/fr\/legal-notice\/","title":{"rendered":"Mentions l\u00e9gales"},"content":{"rendered":"<p><strong>\u00c9diteur du site<\/strong><br>Le site Web <a class=\"\" href=\"https:\/\/contactformblast.com\/fr\/\">https:\/\/contactformblast.com<\/a> est publi\u00e9 par un particulier \u00e0 titre non professionnel.<br>Conform\u00e9ment \u00e0 l&#039;article 6, III-2 de la loi n\u00b0 2004-575 du 21 juin 2004 pour la confiance dans l&#039;\u00e9conomie num\u00e9rique, les informations permettant l&#039;identification de l&#039;\u00e9diteur ont \u00e9t\u00e9 communiqu\u00e9es \u00e0 l&#039;h\u00e9bergeur et sont tenues \u00e0 la disposition des autorit\u00e9s judiciaires comp\u00e9tentes sur demande.<\/p>\n\n\n\n<p><strong>Directeur de la publication<\/strong><br>Le directeur de la publication est l&#039;\u00e9diteur du site.<\/p>\n\n\n\n<p><strong>Fournisseur d&#039;h\u00e9bergement<\/strong><br>Le site est h\u00e9berg\u00e9 par :<br><strong>Hostinger International Ltd<\/strong><br>61 rue Lordou Vironos<br>6023 Larnaca<br>Chypre<br>Site web: <a class=\"\" href=\"https:\/\/www.hostinger.com\">https:\/\/www.hostinger.com<\/a><\/p>\n\n\n\n<p><strong>Contact<\/strong><br>Pour toute question, vous pouvez nous contacter par email \u00e0 :<br><a>contact@contactformblast.com<\/a><\/p>\n\n\n\n<p><strong>Donn\u00e9es personnelles<\/strong><br>Les donn\u00e9es collect\u00e9es via le formulaire de contact (nom, adresse email, site internet) sont utilis\u00e9es exclusivement pour r\u00e9pondre aux messages et maintenir le contact pour un \u00e9ventuel suivi.<br>Conform\u00e9ment au R\u00e8glement g\u00e9n\u00e9ral sur la protection des donn\u00e9es (RGPD), vous disposez d&#039;un droit d&#039;acc\u00e8s, de rectification et de suppression de vos donn\u00e9es.<br>Pour exercer ces droits, vous pouvez nous contacter \u00e0 l&#039;adresse email ci-dessus.<\/p>","protected":false},"excerpt":{"rendered":"<p>Site PublisherThe website https:\/\/contactformblast.com is published by a private individual&hellip;<\/p>\n<p> <a class=\"more-link\" href=\"https:\/\/contactformblast.com\/fr\/legal-notice\/\">Lire la suite<\/a><\/p>","protected":false},"author":1,"featured_media":0,"parent":0,"menu_order":0,"comment_status":"closed","ping_status":"closed","template":"","meta":{"_uag_custom_page_level_css":"","_monsterinsights_skip_tracking":false,"_monsterinsights_sitenote_active":false,"_monsterinsights_sitenote_note":"","_monsterinsights_sitenote_category":0,"footnotes":""},"class_list":["post-12701","page","type-page","status-publish"],"yoast_head":"<!-- This site is optimized with the Yoast SEO plugin v27.4 - https:\/\/yoast.com\/product\/yoast-seo-wordpress\/ -->\n<title>Legal Notice - Contact Form Marketing<\/title>\n<meta name=\"robots\" content=\"index, follow, max-snippet:-1, max-image-preview:large, max-video-preview:-1\" \/>\n<link rel=\"canonical\" href=\"https:\/\/contactformblast.com\/fr\/legal-notice\/\" \/>\n<meta property=\"og:locale\" content=\"fr_FR\" \/>\n<meta property=\"og:type\" content=\"article\" \/>\n<meta property=\"og:title\" content=\"Legal Notice - Contact Form Marketing\" \/>\n<meta property=\"og:description\" content=\"Site PublisherThe website https:\/\/contactformblast.com is published by a private individual&hellip;  Lire la suite\" \/>\n<meta property=\"og:url\" content=\"https:\/\/contactformblast.com\/fr\/legal-notice\/\" \/>\n<meta property=\"og:site_name\" content=\"Contact Form Marketing\" \/>\n<meta property=\"article:modified_time\" content=\"2025-07-05T13:09:42+00:00\" \/>\n<meta name=\"twitter:card\" content=\"summary_large_image\" \/>\n<meta name=\"twitter:label1\" content=\"Dur\u00e9e de lecture estim\u00e9e\" \/>\n\t<meta name=\"twitter:data1\" content=\"1 minute\" \/>\n<script type=\"application\/ld+json\" class=\"yoast-schema-graph\">{\"@context\":\"https:\\\/\\\/schema.org\",\"@graph\":[{\"@type\":\"WebPage\",\"@id\":\"https:\\\/\\\/contactformblast.com\\\/legal-notice\\\/\",\"url\":\"https:\\\/\\\/contactformblast.com\\\/legal-notice\\\/\",\"name\":\"Legal Notice - Contact Form Marketing\",\"isPartOf\":{\"@id\":\"https:\\\/\\\/contactformblast.com\\\/#website\"},\"datePublished\":\"2025-07-05T13:09:41+00:00\",\"dateModified\":\"2025-07-05T13:09:42+00:00\",\"breadcrumb\":{\"@id\":\"https:\\\/\\\/contactformblast.com\\\/legal-notice\\\/#breadcrumb\"},\"inLanguage\":\"fr-FR\",\"potentialAction\":[{\"@type\":\"ReadAction\",\"target\":[\"https:\\\/\\\/contactformblast.com\\\/legal-notice\\\/\"]}]},{\"@type\":\"BreadcrumbList\",\"@id\":\"https:\\\/\\\/contactformblast.com\\\/legal-notice\\\/#breadcrumb\",\"itemListElement\":[{\"@type\":\"ListItem\",\"position\":1,\"name\":\"Home\",\"item\":\"https:\\\/\\\/contactformblast.com\\\/\"},{\"@type\":\"ListItem\",\"position\":2,\"name\":\"Legal Notice\"}]},{\"@type\":\"WebSite\",\"@id\":\"https:\\\/\\\/contactformblast.com\\\/#website\",\"url\":\"https:\\\/\\\/contactformblast.com\\\/\",\"name\":\"Contact Form Marketing\",\"description\":\"\",\"publisher\":{\"@id\":\"https:\\\/\\\/contactformblast.com\\\/#organization\"},\"potentialAction\":[{\"@type\":\"SearchAction\",\"target\":{\"@type\":\"EntryPoint\",\"urlTemplate\":\"https:\\\/\\\/contactformblast.com\\\/?s={search_term_string}\"},\"query-input\":{\"@type\":\"PropertyValueSpecification\",\"valueRequired\":true,\"valueName\":\"search_term_string\"}}],\"inLanguage\":\"fr-FR\"},{\"@type\":\"Organization\",\"@id\":\"https:\\\/\\\/contactformblast.com\\\/#organization\",\"name\":\"Contact Form Marketing\",\"url\":\"https:\\\/\\\/contactformblast.com\\\/\",\"logo\":{\"@type\":\"ImageObject\",\"inLanguage\":\"fr-FR\",\"@id\":\"https:\\\/\\\/contactformblast.com\\\/#\\\/schema\\\/logo\\\/image\\\/\",\"url\":\"https:\\\/\\\/contactformblast.com\\\/wp-content\\\/uploads\\\/2025\\\/03\\\/contact-form-logo-2.png\",\"contentUrl\":\"https:\\\/\\\/contactformblast.com\\\/wp-content\\\/uploads\\\/2025\\\/03\\\/contact-form-logo-2.png\",\"width\":400,\"height\":253,\"caption\":\"Contact Form Marketing\"},\"image\":{\"@id\":\"https:\\\/\\\/contactformblast.com\\\/#\\\/schema\\\/logo\\\/image\\\/\"}}]}<\/script>\n<!-- \/ Yoast SEO plugin. -->","yoast_head_json":{"title":"Legal Notice - Contact Form Marketing","robots":{"index":"index","follow":"follow","max-snippet":"max-snippet:-1","max-image-preview":"max-image-preview:large","max-video-preview":"max-video-preview:-1"},"canonical":"https:\/\/contactformblast.com\/fr\/legal-notice\/","og_locale":"fr_FR","og_type":"article","og_title":"Legal Notice - Contact Form Marketing","og_description":"Site PublisherThe website https:\/\/contactformblast.com is published by a private individual&hellip;  Lire la suite","og_url":"https:\/\/contactformblast.com\/fr\/legal-notice\/","og_site_name":"Contact Form Marketing","article_modified_time":"2025-07-05T13:09:42+00:00","twitter_card":"summary_large_image","twitter_misc":{"Dur\u00e9e de lecture estim\u00e9e":"1 minute"},"schema":{"@context":"https:\/\/schema.org","@graph":[{"@type":"WebPage","@id":"https:\/\/contactformblast.com\/legal-notice\/","url":"https:\/\/contactformblast.com\/legal-notice\/","name":"Legal Notice - Contact Form Marketing","isPartOf":{"@id":"https:\/\/contactformblast.com\/#website"},"datePublished":"2025-07-05T13:09:41+00:00","dateModified":"2025-07-05T13:09:42+00:00","breadcrumb":{"@id":"https:\/\/contactformblast.com\/legal-notice\/#breadcrumb"},"inLanguage":"fr-FR","potentialAction":[{"@type":"ReadAction","target":["https:\/\/contactformblast.com\/legal-notice\/"]}]},{"@type":"BreadcrumbList","@id":"https:\/\/contactformblast.com\/legal-notice\/#breadcrumb","itemListElement":[{"@type":"ListItem","position":1,"name":"Home","item":"https:\/\/contactformblast.com\/"},{"@type":"ListItem","position":2,"name":"Legal Notice"}]},{"@type":"WebSite","@id":"https:\/\/contactformblast.com\/#website","url":"https:\/\/contactformblast.com\/","name":"Formulaire de contact marketing","description":"","publisher":{"@id":"https:\/\/contactformblast.com\/#organization"},"potentialAction":[{"@type":"SearchAction","target":{"@type":"EntryPoint","urlTemplate":"https:\/\/contactformblast.com\/?s={search_term_string}"},"query-input":{"@type":"PropertyValueSpecification","valueRequired":true,"valueName":"search_term_string"}}],"inLanguage":"fr-FR"},{"@type":"Organization","@id":"https:\/\/contactformblast.com\/#organization","name":"Formulaire de contact marketing","url":"https:\/\/contactformblast.com\/","logo":{"@type":"ImageObject","inLanguage":"fr-FR","@id":"https:\/\/contactformblast.com\/#\/schema\/logo\/image\/","url":"https:\/\/contactformblast.com\/wp-content\/uploads\/2025\/03\/contact-form-logo-2.png","contentUrl":"https:\/\/contactformblast.com\/wp-content\/uploads\/2025\/03\/contact-form-logo-2.png","width":400,"height":253,"caption":"Contact Form Marketing"},"image":{"@id":"https:\/\/contactformblast.com\/#\/schema\/logo\/image\/"}}]}},"uagb_featured_image_src":{"full":false,"thumbnail":false,"medium":false,"medium_large":false,"large":false,"1536x1536":false,"2048x2048":false,"trp-custom-language-flag":false,"a13_navigation_image_size":false,"woocommerce_thumbnail":false,"woocommerce_single":false,"woocommerce_gallery_thumbnail":false},"uagb_author_info":{"display_name":"Admin","author_link":"https:\/\/contactformblast.com\/fr\/author\/administrator\/"},"uagb_comment_info":0,"uagb_excerpt":"Site PublisherThe website https:\/\/contactformblast.com is published by a private individual&hellip; Lire la suite","_links":{"self":[{"href":"https:\/\/contactformblast.com\/fr\/wp-json\/wp\/v2\/pages\/12701","targetHints":{"allow":["GET"]}}],"collection":[{"href":"https:\/\/contactformblast.com\/fr\/wp-json\/wp\/v2\/pages"}],"about":[{"href":"https:\/\/contactformblast.com\/fr\/wp-json\/wp\/v2\/types\/page"}],"author":[{"embeddable":true,"href":"https:\/\/contactformblast.com\/fr\/wp-json\/wp\/v2\/users\/1"}],"replies":[{"embeddable":true,"href":"https:\/\/contactformblast.com\/fr\/wp-json\/wp\/v2\/comments?post=12701"}],"version-history":[{"count":1,"href":"https:\/\/contactformblast.com\/fr\/wp-json\/wp\/v2\/pages\/12701\/revisions"}],"predecessor-version":[{"id":12702,"href":"https:\/\/contactformblast.com\/fr\/wp-json\/wp\/v2\/pages\/12701\/revisions\/12702"}],"wp:attachment":[{"href":"https:\/\/contactformblast.com\/fr\/wp-json\/wp\/v2\/media?parent=12701"}],"curies":[{"name":"wp","href":"https:\/\/api.w.org\/{rel}","templated":true}]}}