{"id":12699,"date":"2025-07-05T12:47:09","date_gmt":"2025-07-05T12:47:09","guid":{"rendered":"https:\/\/contactformblast.com\/?page_id=12699"},"modified":"2025-07-05T12:47:09","modified_gmt":"2025-07-05T12:47:09","slug":"privacy-policy","status":"publish","type":"page","link":"https:\/\/contactformblast.com\/fr\/privacy-policy\/","title":{"rendered":"politique de confidentialit\u00e9"},"content":{"rendered":"<p>Chez ContactFormBlast.com, nous prenons la protection de vos donn\u00e9es personnelles tr\u00e8s au s\u00e9rieux. Cette politique explique comment nous collectons, utilisons et prot\u00e9geons vos informations.<\/p>\n\n\n\n<p><strong>Donn\u00e9es collect\u00e9es :<\/strong><\/p>\n\n\n\n<ul class=\"wp-block-list\">\n<li>Les informations que vous fournissez via le formulaire de contact (nom, adresse e-mail, URL du site Web si fourni et tout autre d\u00e9tail que vous incluez dans votre message).<\/li>\n\n\n\n<li>Adresse IP et donn\u00e9es de navigation (via Google Analytics et Google Search Console).<\/li>\n<\/ul>\n\n\n\n<p><strong>Finalit\u00e9 de la collecte :<\/strong><\/p>\n\n\n\n<ul class=\"wp-block-list\">\n<li>Pour r\u00e9pondre \u00e0 vos demandes et messages.<\/li>\n\n\n\n<li>Pour maintenir le contact pour d&#039;\u00e9ventuels suivis ou communications futures.<\/li>\n\n\n\n<li>Pour analyser le trafic du site Web et am\u00e9liorer nos services.<\/li>\n<\/ul>\n\n\n\n<p><strong>Services tiers utilis\u00e9s\u00a0:<\/strong><\/p>\n\n\n\n<ul class=\"wp-block-list\">\n<li><strong>Google Analytics<\/strong> (analyse du trafic du site Web).<\/li>\n\n\n\n<li><strong>Google Search Console<\/strong> (suivi des performances et de l&#039;indexation du site).<\/li>\n\n\n\n<li><strong>Zoho Mail<\/strong> (gestion des emails entrants et sortants).<\/li>\n\n\n\n<li><strong>Hostinger<\/strong> (h\u00e9bergement de sites web).<\/li>\n<\/ul>\n\n\n\n<p><strong>Vos droits :<\/strong><br>Conform\u00e9ment \u00e0 la r\u00e9glementation applicable en mati\u00e8re de protection des donn\u00e9es (telle que le RGPD), vous avez le droit de :<\/p>\n\n\n\n<ul class=\"wp-block-list\">\n<li>Acc\u00e9dez \u00e0 vos donn\u00e9es personnelles.<\/li>\n\n\n\n<li>Demander la correction ou la suppression de vos donn\u00e9es.<\/li>\n\n\n\n<li>Demander une restriction de traitement.<\/li>\n\n\n\n<li>S&#039;opposer au traitement.<\/li>\n\n\n\n<li>Demander la portabilit\u00e9 des donn\u00e9es.<\/li>\n<\/ul>\n\n\n\n<p><strong>Contact:<\/strong><br>Pour exercer vos droits ou si vous avez des questions sur vos donn\u00e9es personnelles, veuillez nous contacter :<br>\ud83d\udce7 <a>contact@contactformblast.com<\/a><\/p>","protected":false},"excerpt":{"rendered":"<p>At ContactFormBlast.com, we take the protection of your personal data&hellip;<\/p>\n<p> <a class=\"more-link\" href=\"https:\/\/contactformblast.com\/fr\/privacy-policy\/\">Lire la suite<\/a><\/p>","protected":false},"author":1,"featured_media":0,"parent":0,"menu_order":0,"comment_status":"closed","ping_status":"closed","template":"","meta":{"_uag_custom_page_level_css":"","_monsterinsights_skip_tracking":false,"_monsterinsights_sitenote_active":false,"_monsterinsights_sitenote_note":"","_monsterinsights_sitenote_category":0,"footnotes":""},"class_list":["post-12699","page","type-page","status-publish"],"yoast_head":"<!-- This site is optimized with the Yoast SEO plugin v27.4 - https:\/\/yoast.com\/product\/yoast-seo-wordpress\/ -->\n<title>Privacy Policy - Contact Form Marketing<\/title>\n<meta name=\"robots\" content=\"index, follow, max-snippet:-1, max-image-preview:large, max-video-preview:-1\" \/>\n<link rel=\"canonical\" href=\"https:\/\/contactformblast.com\/fr\/privacy-policy\/\" \/>\n<meta property=\"og:locale\" content=\"fr_FR\" \/>\n<meta property=\"og:type\" content=\"article\" \/>\n<meta property=\"og:title\" content=\"Privacy Policy - Contact Form Marketing\" \/>\n<meta property=\"og:description\" content=\"At ContactFormBlast.com, we take the protection of your personal data&hellip;  Lire la suite\" \/>\n<meta property=\"og:url\" content=\"https:\/\/contactformblast.com\/fr\/privacy-policy\/\" \/>\n<meta property=\"og:site_name\" content=\"Contact Form Marketing\" \/>\n<meta name=\"twitter:card\" content=\"summary_large_image\" \/>\n<meta name=\"twitter:label1\" content=\"Dur\u00e9e de lecture estim\u00e9e\" \/>\n\t<meta name=\"twitter:data1\" content=\"1 minute\" \/>\n<script type=\"application\/ld+json\" class=\"yoast-schema-graph\">{\"@context\":\"https:\\\/\\\/schema.org\",\"@graph\":[{\"@type\":\"WebPage\",\"@id\":\"https:\\\/\\\/contactformblast.com\\\/privacy-policy\\\/\",\"url\":\"https:\\\/\\\/contactformblast.com\\\/privacy-policy\\\/\",\"name\":\"Privacy Policy - Contact Form Marketing\",\"isPartOf\":{\"@id\":\"https:\\\/\\\/contactformblast.com\\\/#website\"},\"datePublished\":\"2025-07-05T12:47:09+00:00\",\"breadcrumb\":{\"@id\":\"https:\\\/\\\/contactformblast.com\\\/privacy-policy\\\/#breadcrumb\"},\"inLanguage\":\"fr-FR\",\"potentialAction\":[{\"@type\":\"ReadAction\",\"target\":[\"https:\\\/\\\/contactformblast.com\\\/privacy-policy\\\/\"]}]},{\"@type\":\"BreadcrumbList\",\"@id\":\"https:\\\/\\\/contactformblast.com\\\/privacy-policy\\\/#breadcrumb\",\"itemListElement\":[{\"@type\":\"ListItem\",\"position\":1,\"name\":\"Home\",\"item\":\"https:\\\/\\\/contactformblast.com\\\/\"},{\"@type\":\"ListItem\",\"position\":2,\"name\":\"Privacy Policy\"}]},{\"@type\":\"WebSite\",\"@id\":\"https:\\\/\\\/contactformblast.com\\\/#website\",\"url\":\"https:\\\/\\\/contactformblast.com\\\/\",\"name\":\"Contact Form Marketing\",\"description\":\"\",\"publisher\":{\"@id\":\"https:\\\/\\\/contactformblast.com\\\/#organization\"},\"potentialAction\":[{\"@type\":\"SearchAction\",\"target\":{\"@type\":\"EntryPoint\",\"urlTemplate\":\"https:\\\/\\\/contactformblast.com\\\/?s={search_term_string}\"},\"query-input\":{\"@type\":\"PropertyValueSpecification\",\"valueRequired\":true,\"valueName\":\"search_term_string\"}}],\"inLanguage\":\"fr-FR\"},{\"@type\":\"Organization\",\"@id\":\"https:\\\/\\\/contactformblast.com\\\/#organization\",\"name\":\"Contact Form Marketing\",\"url\":\"https:\\\/\\\/contactformblast.com\\\/\",\"logo\":{\"@type\":\"ImageObject\",\"inLanguage\":\"fr-FR\",\"@id\":\"https:\\\/\\\/contactformblast.com\\\/#\\\/schema\\\/logo\\\/image\\\/\",\"url\":\"https:\\\/\\\/contactformblast.com\\\/wp-content\\\/uploads\\\/2025\\\/03\\\/contact-form-logo-2.png\",\"contentUrl\":\"https:\\\/\\\/contactformblast.com\\\/wp-content\\\/uploads\\\/2025\\\/03\\\/contact-form-logo-2.png\",\"width\":400,\"height\":253,\"caption\":\"Contact Form Marketing\"},\"image\":{\"@id\":\"https:\\\/\\\/contactformblast.com\\\/#\\\/schema\\\/logo\\\/image\\\/\"}}]}<\/script>\n<!-- \/ Yoast SEO plugin. -->","yoast_head_json":{"title":"Privacy Policy - Contact Form Marketing","robots":{"index":"index","follow":"follow","max-snippet":"max-snippet:-1","max-image-preview":"max-image-preview:large","max-video-preview":"max-video-preview:-1"},"canonical":"https:\/\/contactformblast.com\/fr\/privacy-policy\/","og_locale":"fr_FR","og_type":"article","og_title":"Privacy Policy - Contact Form Marketing","og_description":"At ContactFormBlast.com, we take the protection of your personal data&hellip;  Lire la suite","og_url":"https:\/\/contactformblast.com\/fr\/privacy-policy\/","og_site_name":"Contact Form Marketing","twitter_card":"summary_large_image","twitter_misc":{"Dur\u00e9e de lecture estim\u00e9e":"1 minute"},"schema":{"@context":"https:\/\/schema.org","@graph":[{"@type":"WebPage","@id":"https:\/\/contactformblast.com\/privacy-policy\/","url":"https:\/\/contactformblast.com\/privacy-policy\/","name":"Privacy Policy - Contact Form Marketing","isPartOf":{"@id":"https:\/\/contactformblast.com\/#website"},"datePublished":"2025-07-05T12:47:09+00:00","breadcrumb":{"@id":"https:\/\/contactformblast.com\/privacy-policy\/#breadcrumb"},"inLanguage":"fr-FR","potentialAction":[{"@type":"ReadAction","target":["https:\/\/contactformblast.com\/privacy-policy\/"]}]},{"@type":"BreadcrumbList","@id":"https:\/\/contactformblast.com\/privacy-policy\/#breadcrumb","itemListElement":[{"@type":"ListItem","position":1,"name":"Home","item":"https:\/\/contactformblast.com\/"},{"@type":"ListItem","position":2,"name":"Privacy Policy"}]},{"@type":"WebSite","@id":"https:\/\/contactformblast.com\/#website","url":"https:\/\/contactformblast.com\/","name":"Formulaire de contact marketing","description":"","publisher":{"@id":"https:\/\/contactformblast.com\/#organization"},"potentialAction":[{"@type":"SearchAction","target":{"@type":"EntryPoint","urlTemplate":"https:\/\/contactformblast.com\/?s={search_term_string}"},"query-input":{"@type":"PropertyValueSpecification","valueRequired":true,"valueName":"search_term_string"}}],"inLanguage":"fr-FR"},{"@type":"Organization","@id":"https:\/\/contactformblast.com\/#organization","name":"Formulaire de contact marketing","url":"https:\/\/contactformblast.com\/","logo":{"@type":"ImageObject","inLanguage":"fr-FR","@id":"https:\/\/contactformblast.com\/#\/schema\/logo\/image\/","url":"https:\/\/contactformblast.com\/wp-content\/uploads\/2025\/03\/contact-form-logo-2.png","contentUrl":"https:\/\/contactformblast.com\/wp-content\/uploads\/2025\/03\/contact-form-logo-2.png","width":400,"height":253,"caption":"Contact Form Marketing"},"image":{"@id":"https:\/\/contactformblast.com\/#\/schema\/logo\/image\/"}}]}},"uagb_featured_image_src":{"full":false,"thumbnail":false,"medium":false,"medium_large":false,"large":false,"1536x1536":false,"2048x2048":false,"trp-custom-language-flag":false,"a13_navigation_image_size":false,"woocommerce_thumbnail":false,"woocommerce_single":false,"woocommerce_gallery_thumbnail":false},"uagb_author_info":{"display_name":"Admin","author_link":"https:\/\/contactformblast.com\/fr\/author\/administrator\/"},"uagb_comment_info":0,"uagb_excerpt":"At ContactFormBlast.com, we take the protection of your personal data&hellip; Lire la suite","_links":{"self":[{"href":"https:\/\/contactformblast.com\/fr\/wp-json\/wp\/v2\/pages\/12699","targetHints":{"allow":["GET"]}}],"collection":[{"href":"https:\/\/contactformblast.com\/fr\/wp-json\/wp\/v2\/pages"}],"about":[{"href":"https:\/\/contactformblast.com\/fr\/wp-json\/wp\/v2\/types\/page"}],"author":[{"embeddable":true,"href":"https:\/\/contactformblast.com\/fr\/wp-json\/wp\/v2\/users\/1"}],"replies":[{"embeddable":true,"href":"https:\/\/contactformblast.com\/fr\/wp-json\/wp\/v2\/comments?post=12699"}],"version-history":[{"count":1,"href":"https:\/\/contactformblast.com\/fr\/wp-json\/wp\/v2\/pages\/12699\/revisions"}],"predecessor-version":[{"id":12700,"href":"https:\/\/contactformblast.com\/fr\/wp-json\/wp\/v2\/pages\/12699\/revisions\/12700"}],"wp:attachment":[{"href":"https:\/\/contactformblast.com\/fr\/wp-json\/wp\/v2\/media?parent=12699"}],"curies":[{"name":"wp","href":"https:\/\/api.w.org\/{rel}","templated":true}]}}