{"id":12695,"date":"2025-07-05T11:45:54","date_gmt":"2025-07-05T11:45:54","guid":{"rendered":"https:\/\/contactformblast.com\/?page_id=12695"},"modified":"2025-07-05T11:45:54","modified_gmt":"2025-07-05T11:45:54","slug":"about-us","status":"publish","type":"page","link":"https:\/\/contactformblast.com\/fr\/about-us\/","title":{"rendered":"\u00c0 propos de nous"},"content":{"rendered":"<p>Chez ContactFormBlast, nous pensons que la prospection doit \u00eatre plus intelligente, pas plus difficile.<\/p>\n\n\n\n<p>Fond\u00e9e par un entrepreneur ind\u00e9pendant bas\u00e9 en France, notre mission est simple : aider les freelances, les solopreneurs et les startups lean \u00e0 trouver des prospects de haute qualit\u00e9, sans perdre de temps sur des e-mails froids ou des outils de sensibilisation surcharg\u00e9s.<\/p>\n\n\n\n<p>Nous avons cr\u00e9\u00e9 ce service pour r\u00e9soudre un probl\u00e8me concret\u00a0: la prospection est chronophage, r\u00e9p\u00e9titive et souvent inefficace. ContactFormBlast a \u00e9t\u00e9 cr\u00e9\u00e9 pour automatiser ce processus. <strong>sans perdre le contact humain<\/strong>Nous permettons aux professionnels ind\u00e9pendants d&#039;entrer en contact plus facilement avec les bonnes entreprises, plus rapidement et avec plus d&#039;impact.<\/p>\n\n\n\n<h3 class=\"wp-block-heading\">Ce qui nous rend diff\u00e9rent<\/h3>\n\n\n\n<p>Alors que de nombreux outils se concentrent sur la sensibilisation de masse, nous accordons la priorit\u00e9 <strong>la qualit\u00e9 plut\u00f4t que la quantit\u00e9<\/strong>.<br>Nous cr\u00e9ons des formulaires de contact cibl\u00e9s, en utilisant votre message ou un message personnalis\u00e9 \u00e9crit sp\u00e9cialement pour vous, et nous <strong>creuser profond\u00e9ment<\/strong> pour atteindre uniquement les leads les plus pertinents pour votre niche.<\/p>\n\n\n\n<blockquote class=\"wp-block-quote is-layout-flow wp-block-quote-is-layout-flow\">\n<p>Il ne s\u2019agit pas seulement d\u2019automatisation, mais d\u2019une prospection intelligente et \u00e9thique con\u00e7ue pour de vrais r\u00e9sultats.<\/p>\n<\/blockquote>\n\n\n\n<p>Que vous d\u00e9butiez ou que vous cherchiez \u00e0 d\u00e9velopper votre client\u00e8le, ContactFormBlast vous offre un moyen rapide et fiable d&#039;ouvrir des portes et de d\u00e9velopper votre entreprise.<\/p>\n\n\n\n<div class=\"wp-block-uagb-separator uagb-block-6ac1258e\"><div class=\"wp-block-uagb-separator__inner\" style=\"--my-background-image:\"><\/div><\/div>\n\n\n\n<h3 class=\"wp-block-heading\">\ud83d\udc49 D\u00e9couvrez nos services<\/h3>\n\n\n\n<p>Vous souhaitez savoir exactement comment fonctionne notre service et ce qui est inclus ?<br>D\u00e9couvrez notre <a class=\"\" href=\"https:\/\/contactformblast.com\/fr\/#how-it-works\"><strong>Comment \u00e7a marche<\/strong> page<\/a>.<\/p>\n\n\n\n<div class=\"wp-block-uagb-separator uagb-block-fed9105a\"><div class=\"wp-block-uagb-separator__inner\" style=\"--my-background-image:\"><\/div><\/div>\n\n\n\n<h3 class=\"wp-block-heading\">\u2753 Vous avez des questions ?<\/h3>\n\n\n\n<p>Visitez notre <a class=\"\" href=\"https:\/\/contactformblast.com\/fr\/#faqs\"><strong>Section FAQ<\/strong><\/a> pour des r\u00e9ponses rapides sur les d\u00e9lais de livraison, les prix et la mani\u00e8re dont nous garantissons la qualit\u00e9 des messages.<\/p>\n\n\n\n<h3 class=\"wp-block-heading\">\ud83d\ude80 Pr\u00eat \u00e0 commencer ?<\/h3>\n\n\n\n<p>Parcourez notre <a class=\"\" href=\"https:\/\/contactformblast.com\/fr\/#pricing\"><strong>plans et tarifs<\/strong><\/a> pour choisir l&#039;option qui correspond \u00e0 vos objectifs de prospection.<\/p>\n\n\n\n<p><\/p>","protected":false},"excerpt":{"rendered":"<p>At ContactFormBlast, we believe prospecting should be smarter, not harder.&hellip;<\/p>\n<p> <a class=\"more-link\" href=\"https:\/\/contactformblast.com\/fr\/about-us\/\">Lire la suite<\/a><\/p>","protected":false},"author":1,"featured_media":0,"parent":0,"menu_order":0,"comment_status":"closed","ping_status":"closed","template":"","meta":{"_uag_custom_page_level_css":"","_monsterinsights_skip_tracking":false,"_monsterinsights_sitenote_active":false,"_monsterinsights_sitenote_note":"","_monsterinsights_sitenote_category":0,"footnotes":""},"class_list":["post-12695","page","type-page","status-publish"],"yoast_head":"<!-- This site is optimized with the Yoast SEO plugin v27.4 - https:\/\/yoast.com\/product\/yoast-seo-wordpress\/ -->\n<title>About ContactFormBlast \u2013 Smart Prospecting for Freelancers &amp; Startups<\/title>\n<meta name=\"description\" content=\"Discover how ContactFormBlast helps freelancers automate high-quality prospecting with smart, personalized contact form outreach.\" \/>\n<meta name=\"robots\" content=\"index, follow, max-snippet:-1, max-image-preview:large, max-video-preview:-1\" \/>\n<link rel=\"canonical\" href=\"https:\/\/contactformblast.com\/fr\/about-us\/\" \/>\n<meta property=\"og:locale\" content=\"fr_FR\" \/>\n<meta property=\"og:type\" content=\"article\" \/>\n<meta property=\"og:title\" content=\"About ContactFormBlast \u2013 Smart Prospecting for Freelancers &amp; Startups\" \/>\n<meta property=\"og:description\" content=\"Discover how ContactFormBlast helps freelancers automate high-quality prospecting with smart, personalized contact form outreach.\" \/>\n<meta property=\"og:url\" content=\"https:\/\/contactformblast.com\/fr\/about-us\/\" \/>\n<meta property=\"og:site_name\" content=\"Contact Form Marketing\" \/>\n<meta name=\"twitter:card\" content=\"summary_large_image\" \/>\n<meta name=\"twitter:label1\" content=\"Dur\u00e9e de lecture estim\u00e9e\" \/>\n\t<meta name=\"twitter:data1\" content=\"1 minute\" \/>\n<script type=\"application\/ld+json\" class=\"yoast-schema-graph\">{\"@context\":\"https:\\\/\\\/schema.org\",\"@graph\":[{\"@type\":\"WebPage\",\"@id\":\"https:\\\/\\\/contactformblast.com\\\/about-us\\\/\",\"url\":\"https:\\\/\\\/contactformblast.com\\\/about-us\\\/\",\"name\":\"About ContactFormBlast \u2013 Smart Prospecting for Freelancers & Startups\",\"isPartOf\":{\"@id\":\"https:\\\/\\\/contactformblast.com\\\/#website\"},\"datePublished\":\"2025-07-05T11:45:54+00:00\",\"description\":\"Discover how ContactFormBlast helps freelancers automate high-quality prospecting with smart, personalized contact form outreach.\",\"breadcrumb\":{\"@id\":\"https:\\\/\\\/contactformblast.com\\\/about-us\\\/#breadcrumb\"},\"inLanguage\":\"fr-FR\",\"potentialAction\":[{\"@type\":\"ReadAction\",\"target\":[\"https:\\\/\\\/contactformblast.com\\\/about-us\\\/\"]}]},{\"@type\":\"BreadcrumbList\",\"@id\":\"https:\\\/\\\/contactformblast.com\\\/about-us\\\/#breadcrumb\",\"itemListElement\":[{\"@type\":\"ListItem\",\"position\":1,\"name\":\"Home\",\"item\":\"https:\\\/\\\/contactformblast.com\\\/\"},{\"@type\":\"ListItem\",\"position\":2,\"name\":\"About Us\"}]},{\"@type\":\"WebSite\",\"@id\":\"https:\\\/\\\/contactformblast.com\\\/#website\",\"url\":\"https:\\\/\\\/contactformblast.com\\\/\",\"name\":\"Contact Form Marketing\",\"description\":\"\",\"publisher\":{\"@id\":\"https:\\\/\\\/contactformblast.com\\\/#organization\"},\"potentialAction\":[{\"@type\":\"SearchAction\",\"target\":{\"@type\":\"EntryPoint\",\"urlTemplate\":\"https:\\\/\\\/contactformblast.com\\\/?s={search_term_string}\"},\"query-input\":{\"@type\":\"PropertyValueSpecification\",\"valueRequired\":true,\"valueName\":\"search_term_string\"}}],\"inLanguage\":\"fr-FR\"},{\"@type\":\"Organization\",\"@id\":\"https:\\\/\\\/contactformblast.com\\\/#organization\",\"name\":\"Contact Form Marketing\",\"url\":\"https:\\\/\\\/contactformblast.com\\\/\",\"logo\":{\"@type\":\"ImageObject\",\"inLanguage\":\"fr-FR\",\"@id\":\"https:\\\/\\\/contactformblast.com\\\/#\\\/schema\\\/logo\\\/image\\\/\",\"url\":\"https:\\\/\\\/contactformblast.com\\\/wp-content\\\/uploads\\\/2025\\\/03\\\/contact-form-logo-2.png\",\"contentUrl\":\"https:\\\/\\\/contactformblast.com\\\/wp-content\\\/uploads\\\/2025\\\/03\\\/contact-form-logo-2.png\",\"width\":400,\"height\":253,\"caption\":\"Contact Form Marketing\"},\"image\":{\"@id\":\"https:\\\/\\\/contactformblast.com\\\/#\\\/schema\\\/logo\\\/image\\\/\"}}]}<\/script>\n<!-- \/ Yoast SEO plugin. -->","yoast_head_json":{"title":"About ContactFormBlast \u2013 Smart Prospecting for Freelancers & Startups","description":"Discover how ContactFormBlast helps freelancers automate high-quality prospecting with smart, personalized contact form outreach.","robots":{"index":"index","follow":"follow","max-snippet":"max-snippet:-1","max-image-preview":"max-image-preview:large","max-video-preview":"max-video-preview:-1"},"canonical":"https:\/\/contactformblast.com\/fr\/about-us\/","og_locale":"fr_FR","og_type":"article","og_title":"About ContactFormBlast \u2013 Smart Prospecting for Freelancers & Startups","og_description":"Discover how ContactFormBlast helps freelancers automate high-quality prospecting with smart, personalized contact form outreach.","og_url":"https:\/\/contactformblast.com\/fr\/about-us\/","og_site_name":"Contact Form Marketing","twitter_card":"summary_large_image","twitter_misc":{"Dur\u00e9e de lecture estim\u00e9e":"1 minute"},"schema":{"@context":"https:\/\/schema.org","@graph":[{"@type":"WebPage","@id":"https:\/\/contactformblast.com\/about-us\/","url":"https:\/\/contactformblast.com\/about-us\/","name":"About ContactFormBlast \u2013 Smart Prospecting for Freelancers & Startups","isPartOf":{"@id":"https:\/\/contactformblast.com\/#website"},"datePublished":"2025-07-05T11:45:54+00:00","description":"Discover how ContactFormBlast helps freelancers automate high-quality prospecting with smart, personalized contact form outreach.","breadcrumb":{"@id":"https:\/\/contactformblast.com\/about-us\/#breadcrumb"},"inLanguage":"fr-FR","potentialAction":[{"@type":"ReadAction","target":["https:\/\/contactformblast.com\/about-us\/"]}]},{"@type":"BreadcrumbList","@id":"https:\/\/contactformblast.com\/about-us\/#breadcrumb","itemListElement":[{"@type":"ListItem","position":1,"name":"Home","item":"https:\/\/contactformblast.com\/"},{"@type":"ListItem","position":2,"name":"About Us"}]},{"@type":"WebSite","@id":"https:\/\/contactformblast.com\/#website","url":"https:\/\/contactformblast.com\/","name":"Formulaire de contact marketing","description":"","publisher":{"@id":"https:\/\/contactformblast.com\/#organization"},"potentialAction":[{"@type":"SearchAction","target":{"@type":"EntryPoint","urlTemplate":"https:\/\/contactformblast.com\/?s={search_term_string}"},"query-input":{"@type":"PropertyValueSpecification","valueRequired":true,"valueName":"search_term_string"}}],"inLanguage":"fr-FR"},{"@type":"Organization","@id":"https:\/\/contactformblast.com\/#organization","name":"Formulaire de contact marketing","url":"https:\/\/contactformblast.com\/","logo":{"@type":"ImageObject","inLanguage":"fr-FR","@id":"https:\/\/contactformblast.com\/#\/schema\/logo\/image\/","url":"https:\/\/contactformblast.com\/wp-content\/uploads\/2025\/03\/contact-form-logo-2.png","contentUrl":"https:\/\/contactformblast.com\/wp-content\/uploads\/2025\/03\/contact-form-logo-2.png","width":400,"height":253,"caption":"Contact Form Marketing"},"image":{"@id":"https:\/\/contactformblast.com\/#\/schema\/logo\/image\/"}}]}},"uagb_featured_image_src":{"full":false,"thumbnail":false,"medium":false,"medium_large":false,"large":false,"1536x1536":false,"2048x2048":false,"trp-custom-language-flag":false,"a13_navigation_image_size":false,"woocommerce_thumbnail":false,"woocommerce_single":false,"woocommerce_gallery_thumbnail":false},"uagb_author_info":{"display_name":"Admin","author_link":"https:\/\/contactformblast.com\/fr\/author\/administrator\/"},"uagb_comment_info":0,"uagb_excerpt":"At ContactFormBlast, we believe prospecting should be smarter, not harder.&hellip; Lire la suite","_links":{"self":[{"href":"https:\/\/contactformblast.com\/fr\/wp-json\/wp\/v2\/pages\/12695","targetHints":{"allow":["GET"]}}],"collection":[{"href":"https:\/\/contactformblast.com\/fr\/wp-json\/wp\/v2\/pages"}],"about":[{"href":"https:\/\/contactformblast.com\/fr\/wp-json\/wp\/v2\/types\/page"}],"author":[{"embeddable":true,"href":"https:\/\/contactformblast.com\/fr\/wp-json\/wp\/v2\/users\/1"}],"replies":[{"embeddable":true,"href":"https:\/\/contactformblast.com\/fr\/wp-json\/wp\/v2\/comments?post=12695"}],"version-history":[{"count":1,"href":"https:\/\/contactformblast.com\/fr\/wp-json\/wp\/v2\/pages\/12695\/revisions"}],"predecessor-version":[{"id":12696,"href":"https:\/\/contactformblast.com\/fr\/wp-json\/wp\/v2\/pages\/12695\/revisions\/12696"}],"wp:attachment":[{"href":"https:\/\/contactformblast.com\/fr\/wp-json\/wp\/v2\/media?parent=12695"}],"curies":[{"name":"wp","href":"https:\/\/api.w.org\/{rel}","templated":true}]}}